{"id":3794,"date":"2017-02-02T12:29:24","date_gmt":"2017-02-02T12:29:24","guid":{"rendered":"http:\/\/garciaolive.onetechteam.com\/aviso-legal\/"},"modified":"2025-09-17T18:40:24","modified_gmt":"2025-09-17T18:40:24","slug":"aviso-legal-2","status":"publish","type":"page","link":"https:\/\/www.garciaolive.com\/ca\/aviso-legal-2\/","title":{"rendered":"Av\u00eds legal"},"content":{"rendered":"<div id='av_section_1'  class='avia-section av-208sk5-f420e2fd9225826f9ebb5d3998268be6 main_color avia-section-default avia-no-border-styling  avia-builder-el-0  avia-builder-el-no-sibling  avia-bg-style-scroll container_wrap fullsize'  ><div class='container av-section-cont-open' ><main  role=\"main\" itemprop=\"mainContentOfPage\"  class='template-page content  av-content-full alpha units'><div class='post-entry post-entry-type-page post-entry-3794'><div class='entry-content-wrapper clearfix'>\n\n<style type=\"text\/css\" data-created_by=\"avia_inline_auto\" id=\"style-css-av-1imx45-a307350d4040fc9fbf205395c3ec008b\">\n.flex_column.av-1imx45-a307350d4040fc9fbf205395c3ec008b{\nborder-radius:0px 0px 0px 0px;\npadding:0px 0px 0px 0px;\n}\n<\/style>\n<div  class='flex_column av-1imx45-a307350d4040fc9fbf205395c3ec008b av_one_full  avia-builder-el-1  avia-builder-el-no-sibling  first flex_column_div av-zero-column-padding  '     ><p>\n<style type=\"text\/css\" data-created_by=\"avia_inline_auto\" id=\"style-css-av-1ujw0l-35a467ddb15e475fa5096bb351bfbb2f\">\n#top .av-special-heading.av-1ujw0l-35a467ddb15e475fa5096bb351bfbb2f{\npadding-bottom:20px;\nfont-size:40px;\n}\nbody .av-special-heading.av-1ujw0l-35a467ddb15e475fa5096bb351bfbb2f .av-special-heading-tag .heading-char{\nfont-size:25px;\n}\n#top #wrap_all .av-special-heading.av-1ujw0l-35a467ddb15e475fa5096bb351bfbb2f .av-special-heading-tag{\nfont-size:40px;\n}\n.av-special-heading.av-1ujw0l-35a467ddb15e475fa5096bb351bfbb2f .av-subheading{\nfont-size:15px;\n}\n\n@media only screen and (min-width: 480px) and (max-width: 767px){ \n#top #wrap_all .av-special-heading.av-1ujw0l-35a467ddb15e475fa5096bb351bfbb2f .av-special-heading-tag{\nfont-size:0.8em;\n}\n}\n\n@media only screen and (max-width: 479px){ \n#top #wrap_all .av-special-heading.av-1ujw0l-35a467ddb15e475fa5096bb351bfbb2f .av-special-heading-tag{\nfont-size:0.8em;\n}\n}\n<\/style>\n<div  class='av-special-heading av-1ujw0l-35a467ddb15e475fa5096bb351bfbb2f av-special-heading-h1 blockquote modern-quote  avia-builder-el-2  el_before_av_hr  avia-builder-el-first  av-inherit-size'><h1 class='av-special-heading-tag'  itemprop=\"headline\"  >Av\u00eds legal<\/h1><div class=\"special-heading-border\"><div class=\"special-heading-inner-border\"><\/div><\/div><\/div><br \/>\n\n<style type=\"text\/css\" data-created_by=\"avia_inline_auto\" id=\"style-css-av-1q460l-e6291291df63553a092ad6b99ce78592\">\n#top .hr.av-1q460l-e6291291df63553a092ad6b99ce78592{\nmargin-top:10px;\nmargin-bottom:10px;\n}\n.hr.av-1q460l-e6291291df63553a092ad6b99ce78592 .hr-inner{\nwidth:50px;\nborder-color:#000000;\n}\n<\/style>\n<div  class='hr av-1q460l-e6291291df63553a092ad6b99ce78592 hr-custom  avia-builder-el-3  el_after_av_heading  el_before_av_textblock  hr-left hr-icon-no'><span class='hr-inner inner-border-av-border-fat'><span class=\"hr-inner-style\"><\/span><\/span><\/div><br \/>\n<section  class='av_textblock_section av-1d4txx-454304350bb9d8dfdaabc7f901e57a59 '   itemscope=\"itemscope\" itemtype=\"https:\/\/schema.org\/CreativeWork\" ><div class='avia_textblock'  itemprop=\"text\" ><h2>Llei de Serveis de la Societat de la Informaci\u00f3 i Comer\u00e7 Electr\u00f2nic (LSSICE)<\/h2>\n<p>En compliment de l&#8217;article 10 de la Llei 34\/2002, d&#8217;11 de juliol, de serveis de la Societat de la Informaci\u00f3 i Comer\u00e7 Electr\u00f2nic (LSSICE) a continuaci\u00f3 es detallen les dades identificatives del titular:<\/p>\n<p><strong>GARCIA OLIV\u00c9 ARQUITECTURA, S.L.P.<\/strong>, amb domicili a carrer d&#8217;Enten\u00e7a, 242-248, entl. 2a., 08029 Barcelona, i correu electr\u00f2nic de contacte info@garciaolive.com.<\/p>\n<h2>Inscripci\u00f3 registral<\/h2>\n<p>Inscrita en el registre Mercantil de Barcelona Volum 46824, Foli 206, Full 532135, Inscripci\u00f3 1<\/p>\n<h2>Finalitat de la p\u00e0gina web<\/h2>\n<p>Donar informaci\u00f3 de l\u2019empresa i els serveis que comercialitza.<br \/>\nEl present av\u00eds legal (en endavant, l\u2019\u00abAv\u00eds Legal\u00bb) regula l\u2019\u00fas del lloc web: web<\/p>\n<h2>Legislaci\u00f3<\/h2>\n<p>Amb car\u00e0cter general les relacions entre <strong>GARCIA OLIV\u00c9 ARQUITECTURA, S.L.P. <\/strong>amb els Usuaris dels seus serveis telem\u00e0tics, presents en aquest lloc web, estan sotmeses a la legislaci\u00f3 i jurisdicci\u00f3 espanyoles.<\/p>\n<h2>\u00das i acc\u00e9s d&#8217;Usuaris<\/h2>\n<p>L&#8217;Usuari queda informat, i accepta, que l&#8217;acc\u00e9s a la present web no suposa, de cap manera, l&#8217;inici d&#8217;una relaci\u00f3 comercial amb <strong>GARCIA OLIV\u00c9 ARQUITECTURA, S.L.P. <\/strong>.<\/p>\n<h2>Propietat intel\u00b7lectual i industrial<\/h2>\n<p>Els drets de propietat intel\u00b7lectual del contingut de les p\u00e0gines web, el seu disseny gr\u00e0fic i codis s\u00f3n titularitat de <strong>GARCIA OLIV\u00c9 ARQUITECTURA, S.L.P.<\/strong> i, per tant, queda prohibida la seva reproducci\u00f3, distribuci\u00f3, comunicaci\u00f3 p\u00fablica, transformaci\u00f3 o qualsevol altra activitat que es pugui realitzar amb els continguts de les seves p\u00e0gines web ni fins i tot citant les fonts, llevat del consentiment per escrit de <strong>GARCIA OLIV\u00c9 ARQUITECTURA, S.L.P..<\/strong><\/p>\n<h2>Contingut de la web i enlla\u00e7os (links)<\/h2>\n<p><strong>GARCIA OLIV\u00c9 ARQUITECTURA, S.L.P. <\/strong>es reserva el dret a actualitzar, modificar o eliminar la informaci\u00f3 continguda a les seves p\u00e0gines web i fins i tot pot limitar o no permetre l&#8217;acc\u00e9s a aquesta informaci\u00f3 a certs usuaris.<\/p>\n<\/div><\/section><\/p><\/div>\n","protected":false},"excerpt":{"rendered":"","protected":false},"author":3,"featured_media":0,"parent":0,"menu_order":0,"comment_status":"closed","ping_status":"closed","template":"","meta":{"om_disable_all_campaigns":false,"inline_featured_image":false,"_monsterinsights_skip_tracking":false,"_monsterinsights_sitenote_active":false,"_monsterinsights_sitenote_note":"","_monsterinsights_sitenote_category":0,"_uf_show_specific_survey":0,"_uf_disable_surveys":false,"footnotes":""},"class_list":["post-3794","page","type-page","status-publish","hentry"],"aioseo_notices":[],"_links":{"self":[{"href":"https:\/\/www.garciaolive.com\/ca\/wp-json\/wp\/v2\/pages\/3794","targetHints":{"allow":["GET"]}}],"collection":[{"href":"https:\/\/www.garciaolive.com\/ca\/wp-json\/wp\/v2\/pages"}],"about":[{"href":"https:\/\/www.garciaolive.com\/ca\/wp-json\/wp\/v2\/types\/page"}],"author":[{"embeddable":true,"href":"https:\/\/www.garciaolive.com\/ca\/wp-json\/wp\/v2\/users\/3"}],"replies":[{"embeddable":true,"href":"https:\/\/www.garciaolive.com\/ca\/wp-json\/wp\/v2\/comments?post=3794"}],"version-history":[{"count":24,"href":"https:\/\/www.garciaolive.com\/ca\/wp-json\/wp\/v2\/pages\/3794\/revisions"}],"predecessor-version":[{"id":4712,"href":"https:\/\/www.garciaolive.com\/ca\/wp-json\/wp\/v2\/pages\/3794\/revisions\/4712"}],"wp:attachment":[{"href":"https:\/\/www.garciaolive.com\/ca\/wp-json\/wp\/v2\/media?parent=3794"}],"curies":[{"name":"wp","href":"https:\/\/api.w.org\/{rel}","templated":true}]}}