{"id":4431,"date":"2025-09-16T13:37:18","date_gmt":"2025-09-16T13:37:18","guid":{"rendered":"https:\/\/garciaolive.onetechteam.com\/?page_id=4431"},"modified":"2025-10-03T12:28:33","modified_gmt":"2025-10-03T12:28:33","slug":"politica-privacidad","status":"publish","type":"page","link":"https:\/\/www.garciaolive.com\/ca\/politica-privacidad\/","title":{"rendered":"Pol\u00edtica de privacitat"},"content":{"rendered":"<div id='av_section_1'  class='avia-section av-8czx-d8148b5389916d33046c5ab309923d43 main_color avia-section-default avia-no-border-styling  avia-builder-el-0  avia-builder-el-no-sibling  avia-bg-style-scroll container_wrap fullsize'  ><div class='container av-section-cont-open' ><main  role=\"main\" itemprop=\"mainContentOfPage\"  class='template-page content  av-content-full alpha units'><div class='post-entry post-entry-type-page post-entry-4431'><div class='entry-content-wrapper clearfix'>\n<div  class='flex_column av-mvp-3ed8cfa058866c9168f41ba747141b4f av_one_full  avia-builder-el-1  avia-builder-el-no-sibling  first flex_column_div  '     ><p>\n<style type=\"text\/css\" data-created_by=\"avia_inline_auto\" id=\"style-css-av-lral4fyh-0bad3936463bd2bc6d2ae9bfbb5548cc\">\n#top .av-special-heading.av-lral4fyh-0bad3936463bd2bc6d2ae9bfbb5548cc{\npadding-bottom:10px;\nfont-size:40px;\n}\nbody .av-special-heading.av-lral4fyh-0bad3936463bd2bc6d2ae9bfbb5548cc .av-special-heading-tag .heading-char{\nfont-size:25px;\n}\n#top #wrap_all .av-special-heading.av-lral4fyh-0bad3936463bd2bc6d2ae9bfbb5548cc .av-special-heading-tag{\nfont-size:40px;\n}\n.av-special-heading.av-lral4fyh-0bad3936463bd2bc6d2ae9bfbb5548cc .av-subheading{\nfont-size:15px;\n}\n\n@media only screen and (min-width: 480px) and (max-width: 767px){ \n#top #wrap_all .av-special-heading.av-lral4fyh-0bad3936463bd2bc6d2ae9bfbb5548cc .av-special-heading-tag{\nfont-size:0.8em;\n}\n}\n\n@media only screen and (max-width: 479px){ \n#top #wrap_all .av-special-heading.av-lral4fyh-0bad3936463bd2bc6d2ae9bfbb5548cc .av-special-heading-tag{\nfont-size:0.8em;\n}\n}\n<\/style>\n<div  class='av-special-heading av-lral4fyh-0bad3936463bd2bc6d2ae9bfbb5548cc av-special-heading-h1 blockquote modern-quote  avia-builder-el-2  el_before_av_hr  avia-builder-el-first  av-inherit-size'><h1 class='av-special-heading-tag'  itemprop=\"headline\"  >Pol\u00edtica de privacitat<\/h1><div class=\"special-heading-border\"><div class=\"special-heading-inner-border\"><\/div><\/div><\/div><br \/>\n\n<style type=\"text\/css\" data-created_by=\"avia_inline_auto\" id=\"style-css-av-lral5njj-b374cb5daeab8035aab6aab83d8c48d8\">\n#top .hr.av-lral5njj-b374cb5daeab8035aab6aab83d8c48d8{\nmargin-top:15px;\nmargin-bottom:15px;\n}\n.hr.av-lral5njj-b374cb5daeab8035aab6aab83d8c48d8 .hr-inner{\nwidth:50px;\nborder-color:#000000;\n}\n<\/style>\n<div  class='hr av-lral5njj-b374cb5daeab8035aab6aab83d8c48d8 hr-custom  avia-builder-el-3  el_after_av_heading  el_before_av_textblock  hr-left hr-icon-no'><span class='hr-inner inner-border-av-border-fat'><span class=\"hr-inner-style\"><\/span><\/span><\/div><br \/>\n<section  class='av_textblock_section av-2yjx-73f373d4e5474d6fef8c76d602a2b4e7 '   itemscope=\"itemscope\" itemtype=\"https:\/\/schema.org\/CreativeWork\" ><div class='avia_textblock'  itemprop=\"text\" ><h2>Responsable del tractament<\/h2>\n<p>Les dades personals s\u00f3n tractades per <strong>GARCIA OLIV\u00c9 ARQUITECTURA, S.L.P.<\/strong>, amb domicili a carrer d&#8217;Enten\u00e7a, 242-248, entl. 2a., 08029 Barcelona, i correu electr\u00f2nic de contacte info@garciaolive.com.<\/p>\n<h2>Finalitat del tractament<\/h2>\n<p>\u2022 Gestionar les sol\u00b7licituds d\u2019informaci\u00f3 rebudes a trav\u00e9s del web.<br \/>\n\u2022 Gestionar la relaci\u00f3 amb clients i prove\u00efdors, incloent-hi aspectes econ\u00f2mics, comptables i fiscals derivats de la relaci\u00f3 comercial.<br \/>\n\u2022 Si escau, i amb el consentiment previ de l\u2019usuari, enviar comunicacions comercials relacionades amb els serveis de l\u2019empresa.<\/p>\n<h2>Legitimaci\u00f3 del tractament<\/h2>\n<p>\u2022 Execuci\u00f3 d\u2019un contracte o aplicaci\u00f3 de mesures precontractuals (art. 6.1.b RGPD).<br \/>\n\u2022 Compliment d\u2019obligacions legals (art. 6.1.c RGPD).<br \/>\n\u2022 Consentiment de l\u2019interessat quan sigui necessari (art. 6.1.a RGPD).<\/p>\n<h2>Conservaci\u00f3 de les dades<\/h2>\n<p>Les dades es conservaran durant el temps necessari per complir amb les finalitats descrites i, posteriorment, durant els terminis legals que puguin ser requerits per l\u2019autoritat p\u00fablica competent.<\/p>\n<h2>Destinataris<\/h2>\n<p>No es comunicaran dades a tercers, excepte en els sup\u00f2sits legalment previstos.<\/p>\n<h2>Drets de les persones interessades<\/h2>\n<p>Podeu exercir els vostres drets d\u2019acc\u00e9s, rectificaci\u00f3, supressi\u00f3, portabilitat, limitaci\u00f3 o oposici\u00f3 mitjan\u00e7ant escrit a l\u2019adre\u00e7a indicada o al correu electr\u00f2nic info@garciaolive.com, adjuntant una c\u00f2pia d\u2019un document acreditatiu de la identitat.<br \/>\nEn cas de considerar vulnerats els vostres drets, podeu presentar una reclamaci\u00f3 davant l\u2019<strong>Ag\u00e8ncia Espanyola de Protecci\u00f3 de Dades<\/strong> (www.aepd.es).<\/p>\n<\/div><\/section><\/p><\/div>\n","protected":false},"excerpt":{"rendered":"","protected":false},"author":3,"featured_media":0,"parent":0,"menu_order":0,"comment_status":"closed","ping_status":"closed","template":"","meta":{"om_disable_all_campaigns":false,"inline_featured_image":false,"_monsterinsights_skip_tracking":false,"_monsterinsights_sitenote_active":false,"_monsterinsights_sitenote_note":"","_monsterinsights_sitenote_category":0,"_uf_show_specific_survey":0,"_uf_disable_surveys":false,"footnotes":""},"class_list":["post-4431","page","type-page","status-publish","hentry"],"aioseo_notices":[],"_links":{"self":[{"href":"https:\/\/www.garciaolive.com\/ca\/wp-json\/wp\/v2\/pages\/4431","targetHints":{"allow":["GET"]}}],"collection":[{"href":"https:\/\/www.garciaolive.com\/ca\/wp-json\/wp\/v2\/pages"}],"about":[{"href":"https:\/\/www.garciaolive.com\/ca\/wp-json\/wp\/v2\/types\/page"}],"author":[{"embeddable":true,"href":"https:\/\/www.garciaolive.com\/ca\/wp-json\/wp\/v2\/users\/3"}],"replies":[{"embeddable":true,"href":"https:\/\/www.garciaolive.com\/ca\/wp-json\/wp\/v2\/comments?post=4431"}],"version-history":[{"count":14,"href":"https:\/\/www.garciaolive.com\/ca\/wp-json\/wp\/v2\/pages\/4431\/revisions"}],"predecessor-version":[{"id":5290,"href":"https:\/\/www.garciaolive.com\/ca\/wp-json\/wp\/v2\/pages\/4431\/revisions\/5290"}],"wp:attachment":[{"href":"https:\/\/www.garciaolive.com\/ca\/wp-json\/wp\/v2\/media?parent=4431"}],"curies":[{"name":"wp","href":"https:\/\/api.w.org\/{rel}","templated":true}]}}