{"id":5476,"date":"2025-10-10T09:45:46","date_gmt":"2025-10-10T09:45:46","guid":{"rendered":"https:\/\/www.garciaolive.com\/?page_id=5476"},"modified":"2025-10-10T12:01:30","modified_gmt":"2025-10-10T12:01:30","slug":"politica-cookies","status":"publish","type":"page","link":"https:\/\/www.garciaolive.com\/ca\/politica-cookies\/","title":{"rendered":"Pol\u00edtica de cookies"},"content":{"rendered":"<\/p>\n<div id='av_section_1'  class='avia-section av-208sk5-f420e2fd9225826f9ebb5d3998268be6 main_color avia-section-default avia-no-border-styling  avia-builder-el-0  el_before_av_textblock  avia-builder-el-first  avia-bg-style-scroll container_wrap fullsize'  ><div class='container av-section-cont-open' ><main  role=\"main\" itemprop=\"mainContentOfPage\"  class='template-page content  av-content-full alpha units'><div class='post-entry post-entry-type-page post-entry-5476'><div class='entry-content-wrapper clearfix'>\n\n<style type=\"text\/css\" data-created_by=\"avia_inline_auto\" id=\"style-css-av-1imx45-a307350d4040fc9fbf205395c3ec008b\">\n.flex_column.av-1imx45-a307350d4040fc9fbf205395c3ec008b{\nborder-radius:0px 0px 0px 0px;\npadding:0px 0px 0px 0px;\n}\n<\/style>\n<div  class='flex_column av-1imx45-a307350d4040fc9fbf205395c3ec008b av_one_full  avia-builder-el-1  avia-builder-el-no-sibling  first flex_column_div av-zero-column-padding  '     ><p>\n<style type=\"text\/css\" data-created_by=\"avia_inline_auto\" id=\"style-css-av-1ujw0l-7e901dd45bb0ba249295e577f1cb8285\">\n#top .av-special-heading.av-1ujw0l-7e901dd45bb0ba249295e577f1cb8285{\npadding-bottom:20px;\nfont-size:40px;\n}\nbody .av-special-heading.av-1ujw0l-7e901dd45bb0ba249295e577f1cb8285 .av-special-heading-tag .heading-char{\nfont-size:25px;\n}\n#top #wrap_all .av-special-heading.av-1ujw0l-7e901dd45bb0ba249295e577f1cb8285 .av-special-heading-tag{\nfont-size:40px;\n}\n.av-special-heading.av-1ujw0l-7e901dd45bb0ba249295e577f1cb8285 .av-subheading{\nfont-size:15px;\n}\n\n@media only screen and (min-width: 480px) and (max-width: 767px){ \n#top #wrap_all .av-special-heading.av-1ujw0l-7e901dd45bb0ba249295e577f1cb8285 .av-special-heading-tag{\nfont-size:0.8em;\n}\n}\n\n@media only screen and (max-width: 479px){ \n#top #wrap_all .av-special-heading.av-1ujw0l-7e901dd45bb0ba249295e577f1cb8285 .av-special-heading-tag{\nfont-size:0.8em;\n}\n}\n<\/style>\n<div  class='av-special-heading av-1ujw0l-7e901dd45bb0ba249295e577f1cb8285 av-special-heading-h1 blockquote modern-quote  avia-builder-el-2  el_before_av_hr  avia-builder-el-first  av-inherit-size'><h1 class='av-special-heading-tag'  itemprop=\"headline\"  >Pol\u00edtica de cookies<\/h1><div class=\"special-heading-border\"><div class=\"special-heading-inner-border\"><\/div><\/div><\/div><br \/>\n\n<style type=\"text\/css\" data-created_by=\"avia_inline_auto\" id=\"style-css-av-1q460l-e6291291df63553a092ad6b99ce78592\">\n#top .hr.av-1q460l-e6291291df63553a092ad6b99ce78592{\nmargin-top:10px;\nmargin-bottom:10px;\n}\n.hr.av-1q460l-e6291291df63553a092ad6b99ce78592 .hr-inner{\nwidth:50px;\nborder-color:#000000;\n}\n<\/style>\n<div  class='hr av-1q460l-e6291291df63553a092ad6b99ce78592 hr-custom  avia-builder-el-3  el_after_av_heading  el_before_av_textblock  hr-left hr-icon-no'><span class='hr-inner inner-border-av-border-fat'><span class=\"hr-inner-style\"><\/span><\/span><\/div><br \/>\n<section  class='av_textblock_section av-1d4txx-454304350bb9d8dfdaabc7f901e57a59 '   itemscope=\"itemscope\" itemtype=\"https:\/\/schema.org\/CreativeWork\" ><div class='avia_textblock'  itemprop=\"text\" ><p>El nostre lloc web utilitza una tecnologia anomenada \u2018cookie\u2019, per tal de poder obtenir informaci\u00f3 sobre l\u2019\u00fas del lloc web, millorar l\u2019experi\u00e8ncia de l\u2019usuari i garantir-ne el funcionament correcte.<\/p>\n<h2>Definici\u00f3 de cookie<\/h2>\n<p>Una \u2018cookie\u2019 \u00e9s un petit fragment de text que els llocs web envien al navegador i que s\u2019emmagatzemen al terminal de l\u2019usuari (ordinador o dispositiu m\u00f2bil). Aquests fitxers tenen la finalitat d\u2019emmagatzemar dades que podran ser actualitzades i recuperades per l\u2019entitat responsable de la instal\u00b7laci\u00f3. Aix\u00ed, cada cop que l\u2019usuari torna a visitar el mateix lloc web, l\u2019explorador recupera el fitxer i l\u2019envia al servidor del lloc web. Les galetes tenen diverses funcions entre les quals s\u2019inclouen la recopilaci\u00f3 d\u2019informaci\u00f3 sobre les prefer\u00e8ncies de l\u2019usuari i recordar-la, i en general, facilitar l\u2019\u00fas del lloc web a l\u2019usuari fent que el lloc sigui m\u00e9s \u00fatil en personalitzar-ne el contingut.<\/p>\n<h2>Les cookies es poden classificar en base a diferents par\u00e0metres<\/h2>\n<p>Titularitat: galetes pr\u00f2pies i galetes de tercers: depenent de quina sigui l\u2019entitat que gestioni el domini des d\u2019on s\u2019envien les galetes i es tractin les dades que s\u2019obtinguin.<\/p>\n<p>Durada: galetes de sessi\u00f3 i galetes persistents: d\u2019acord amb el termini de temps que romanen emmagatzemades al terminal de l\u2019usuari.<\/p>\n<p>Finalitat: galetes t\u00e8cniques, galetes de personalitzaci\u00f3, galetes d\u2019an\u00e0lisi, galetes publicit\u00e0ries, galetes de publicitat comportamental, d\u2019acord amb la finalitat per a la qual es tractin les dades obtingudes.<\/p>\n<p>Cookies t\u00e8cniques: S\u00f3n aquelles que permeten a l\u2019usuari la navegaci\u00f3 a trav\u00e9s de la p\u00e0gina web o aplicaci\u00f3 i la utilitzaci\u00f3 de les diferents opcions o serveis que hi existeixen. Per exemple, controlar el tr\u00e0nsit i la comunicaci\u00f3 de dades, identificar la sessi\u00f3 o accedir a les parts web dacc\u00e9s restringit.<\/p>\n<p>Cookies de personalitzaci\u00f3: S\u00f3n aquelles que permeten a l\u2019usuari accedir al servei amb algunes caracter\u00edstiques de car\u00e0cter general predefinides al seu terminal o que el mateix usuari defineixi. Per exemple, l\u2019idioma, el tipus de navegador a trav\u00e9s del qual accediu al servei o el disseny de continguts seleccionat.<\/p>\n<p>Cookies d\u2019an\u00e0lisi: S\u00f3n aquelles que, o b\u00e9 tractades per nosaltres o per tercers, ens permeten quantificar el nombre d\u2019usuaris i aix\u00ed fer l\u2019an\u00e0lisi estad\u00edstica de la utilitzaci\u00f3 que fan els usuaris del servei ofert. Per aix\u00f2, s\u2019analitza la vostra navegaci\u00f3 a la nostra p\u00e0gina web per millorar l\u2019oferta de productes o serveis que us oferim.<\/p>\n<p>Cookies publicit\u00e0ries: S\u00f3n aquelles que permeten la gesti\u00f3, de la manera m\u00e9s efica\u00e7 possible, dels espais publicitaris que, si escau, l\u2019editor hagi incl\u00f2s en una p\u00e0gina web, aplicaci\u00f3 o plataforma des de la qual presta el servei sol\u00b7licitat sobre la base de criteris, com ara el contingut editat o la freq\u00fc\u00e8ncia en qu\u00e8 es mostren els anuncis.<\/p>\n<p>Cookies de publicitat comportamental: S\u00f3n aquelles que permeten la gesti\u00f3, de la manera m\u00e9s efica\u00e7 possible, dels espais publicitaris que, si escau, l\u2019editor hagi incl\u00f2s en una p\u00e0gina web, aplicaci\u00f3 o plataforma des de la qual presta el servei sol\u00b7licitat. Aquestes cookies emmagatzemen informaci\u00f3 del comportament dels usuaris obtinguda a trav\u00e9s de l\u2019observaci\u00f3 continuada dels seus h\u00e0bits de navegaci\u00f3, cosa que permet desenvolupar un perfil espec\u00edfic per mostrar publicitat en funci\u00f3 del mateix.<\/p>\n<h2>Concretament les cookies utilitzades a la nostra web s\u00f3n:<\/h2>\n<p>Cookies pr\u00f2pies: Les cookies pr\u00f2pies que utilitzem al nostre lloc web s\u00f3n de car\u00e0cter t\u00e8cnic, fonamentals per al funcionament de la web.<br \/>\nCookies de tercers:Per obtenir m\u00e9s informaci\u00f3 sobre les cookies i\/o per a la seva desactivaci\u00f3 podeu clicar sobre els enlla\u00e7os que hi ha en el nom dels diferents titulars.<br \/>\nFinalment, tamb\u00e9 s\u2019utilitzen cookies de complement (plug-in) per intercanviar continguts socials.<\/p>\n<h2>Consentiment<\/h2>\n<p>Al navegar i continuar al nostre lloc web l\u2019usuari estar\u00e0 consentint l\u2019\u00fas de les cookies abans enunciades, pels terminis assenyalats i en les condicions contingudes a la present Pol\u00edtica sobre Cookies. Aix\u00ed mateix, els informem que si consulta continguts a la nostra web allotjats en webs de tercers, aquests tenen la seva pr\u00f2pia pol\u00edtica de cookies.<\/p>\n<h2>Retirada del consentiment<\/h2>\n<p>L\u2019usuari podr\u00e0 retirar en qualsevol moment el seu consentiment relacionat amb aquesta Pol\u00edtica sobre Cookies, per aix\u00f2 haur\u00e0 d\u2019eliminar les cookies emmagatzemades al vostre equip utilitzant els ajustaments i configuracions del seu navegador d\u2019internet.<br \/>\nModificaci\u00f3 de la configuraci\u00f3 de les cookies.<br \/>\nInternet Explorer: <a href=\"https:\/\/windows.microsoft.com\/es-xl\/internet-explorer\/delete-manage-cookies#ie=ie-11\" target=\"_blank\" rel=\"noopener\">https:\/\/windows.microsoft.com\/es-xl\/internet-explorer\/delete-manage-cookies#ie=ie-11<\/a><br \/>\nChrome: <a href=\"https:\/\/support.google.com\/chrome\/answer\/95647?hl=es\" target=\"_blank\" rel=\"noopener\">https:\/\/support.google.com\/chrome\/answer\/95647?hl=es<\/a><br \/>\nSafari: <a href=\"http:\/\/www.apple.com\/legal\/privacy\/es\/cookies\/\" target=\"_blank\" rel=\"noopener\">http:\/\/www.apple.com\/legal\/privacy\/es\/cookies\/<\/a><br \/>\nOpera: <a href=\"http:\/\/help.opera.com\/Linux\/10.50\/en\/cookies.html\" target=\"_blank\" rel=\"noopener\">http:\/\/help.opera.com\/Linux\/10.50\/en\/cookies.html<\/a><br \/>\nSafari per iOS (dispositiu iPhone i iPad): <a href=\"http:\/\/help.opera.com\/Linux\/10.50\/en\/cookies.html\" target=\"_blank\" rel=\"noopener\">http:\/\/help.opera.com\/Linux\/10.50\/en\/cookies.html<\/a><br \/>\nChrome per Android: <a href=\"http:\/\/https\/\/:support.google.com\/chrome\/answer\/2392971?hl=es\" target=\"_blank\" rel=\"noopener\">https\/\/:support.google.com\/chrome\/answer\/2392971?hl=es<\/a><br \/>\nWindows Phone: <a href=\"http:\/\/www.windowsphone.com\/es-es\/how-to\/wp7\/web\/changing-privacy-and-other-browser-\" target=\"_blank\" rel=\"noopener\">http:\/\/www.windowsphone.com\/es-es\/how-to\/wp7\/web\/changing-privacy-and-other-browser-<\/a><\/p>\n<p>Per obtenir m\u00e9s informaci\u00f3 sobre l\u2019eliminaci\u00f3, deshabilitaci\u00f3 o bloqueig de les cookies tamb\u00e9 podeu visitar: <a href=\"http:\/\/www.aboutcookies.org\/Default.aspx?page=2\" target=\"_blank\" rel=\"noopener\">http:\/\/www.aboutcookies.org\/Default.aspx?page=2<\/a><\/p>\n<h2>Xarxes socials<\/h2>\n<p>Els perfils en xarxes socials amb qu\u00e8 compti <strong>GARCIA OLIV\u00c9 ARQUITECTURA, S.L.P. <\/strong> no suposaran un tractament de dades m\u00e9s enll\u00e0 del que la pr\u00f2pia xarxa social permeti per a perfils corporatius. <strong>GARCIA OLIV\u00c9 ARQUITECTURA, S.L.P. <\/strong>podr\u00e0 utilitzar aquests perfils per informar els usuaris de cada xarxa social subscrits al perfil de l\u2019empresa sobre les seves activitats, esdeveniments, seminaris ofertes, promocions o novetats als seus productes o serveis, aix\u00ed com compartir informaci\u00f3 d\u2019inter\u00e8s sobre les tem\u00e0tiques habituals de l\u2019empresa. <strong>GARCIA OLIV\u00c9 ARQUITECTURA, S.L.P. <\/strong> no extraur\u00e0 cap dada directament de la xarxa social.<\/p>\n<h2>Actualitzaci\u00f3 de la pol\u00edtica de cookies<\/h2>\n<p>Aquest lloc web pot modificar aquesta Pol\u00edtica sobre Cookies, per aix\u00f2 us recomanem revisar aquesta pol\u00edtica cada vegada que accediu al nostre lloc web, per estar adequadament informat sobre l\u2019\u00fas que fem de les cookies.<\/p>\n<\/div><\/section><\/p><\/div><\/div><\/div><\/main><!-- close content main element --><\/div><\/div><div id='after_section_1'  class='main_color av_default_container_wrap container_wrap fullsize'  ><div class='container av-section-cont-open' ><div class='template-page content  av-content-full alpha units'><div class='post-entry post-entry-type-page post-entry-5476'><div class='entry-content-wrapper clearfix'><section  class='av_textblock_section av-28gf78-eff2611afe14fc813294815092cf994d '   itemscope=\"itemscope\" itemtype=\"https:\/\/schema.org\/CreativeWork\" ><div class='avia_textblock'  itemprop=\"text\" ><\/p>\n<\/div><\/section><\/p>\n","protected":false},"excerpt":{"rendered":"","protected":false},"author":3,"featured_media":0,"parent":0,"menu_order":0,"comment_status":"closed","ping_status":"closed","template":"","meta":{"om_disable_all_campaigns":false,"inline_featured_image":false,"_monsterinsights_skip_tracking":false,"_monsterinsights_sitenote_active":false,"_monsterinsights_sitenote_note":"","_monsterinsights_sitenote_category":0,"_uf_show_specific_survey":0,"_uf_disable_surveys":false,"footnotes":""},"class_list":["post-5476","page","type-page","status-publish","hentry"],"aioseo_notices":[],"_links":{"self":[{"href":"https:\/\/www.garciaolive.com\/ca\/wp-json\/wp\/v2\/pages\/5476","targetHints":{"allow":["GET"]}}],"collection":[{"href":"https:\/\/www.garciaolive.com\/ca\/wp-json\/wp\/v2\/pages"}],"about":[{"href":"https:\/\/www.garciaolive.com\/ca\/wp-json\/wp\/v2\/types\/page"}],"author":[{"embeddable":true,"href":"https:\/\/www.garciaolive.com\/ca\/wp-json\/wp\/v2\/users\/3"}],"replies":[{"embeddable":true,"href":"https:\/\/www.garciaolive.com\/ca\/wp-json\/wp\/v2\/comments?post=5476"}],"version-history":[{"count":16,"href":"https:\/\/www.garciaolive.com\/ca\/wp-json\/wp\/v2\/pages\/5476\/revisions"}],"predecessor-version":[{"id":5495,"href":"https:\/\/www.garciaolive.com\/ca\/wp-json\/wp\/v2\/pages\/5476\/revisions\/5495"}],"wp:attachment":[{"href":"https:\/\/www.garciaolive.com\/ca\/wp-json\/wp\/v2\/media?parent=5476"}],"curies":[{"name":"wp","href":"https:\/\/api.w.org\/{rel}","templated":true}]}}