{"id":5291,"date":"2025-10-03T12:34:55","date_gmt":"2025-10-03T12:34:55","guid":{"rendered":"https:\/\/www.garciaolive.com\/politica-de-privacidad\/"},"modified":"2025-10-03T12:34:55","modified_gmt":"2025-10-03T12:34:55","slug":"politica-de-privacidad","status":"publish","type":"page","link":"https:\/\/www.garciaolive.com\/es\/politica-de-privacidad\/","title":{"rendered":"Pol\u00edtica de privacidad"},"content":{"rendered":"<div id='av_section_1'  class='avia-section av-8czx-d8148b5389916d33046c5ab309923d43 main_color avia-section-default avia-no-border-styling  avia-builder-el-0  avia-builder-el-no-sibling  avia-bg-style-scroll container_wrap fullsize'  ><div class='container av-section-cont-open' ><main  role=\"main\" itemprop=\"mainContentOfPage\"  class='template-page content  av-content-full alpha units'><div class='post-entry post-entry-type-page post-entry-5291'><div class='entry-content-wrapper clearfix'>\n<div  class='flex_column av-mvp-3ed8cfa058866c9168f41ba747141b4f av_one_full  avia-builder-el-1  avia-builder-el-no-sibling  first flex_column_div  '     ><p>\n<style type=\"text\/css\" data-created_by=\"avia_inline_auto\" id=\"style-css-av-lral4fyh-02ee5cd27716a885585e97a875c0d1fe\">\n#top .av-special-heading.av-lral4fyh-02ee5cd27716a885585e97a875c0d1fe{\npadding-bottom:10px;\nfont-size:40px;\n}\nbody .av-special-heading.av-lral4fyh-02ee5cd27716a885585e97a875c0d1fe .av-special-heading-tag .heading-char{\nfont-size:25px;\n}\n#top #wrap_all .av-special-heading.av-lral4fyh-02ee5cd27716a885585e97a875c0d1fe .av-special-heading-tag{\nfont-size:40px;\n}\n.av-special-heading.av-lral4fyh-02ee5cd27716a885585e97a875c0d1fe .av-subheading{\nfont-size:15px;\n}\n\n@media only screen and (min-width: 480px) and (max-width: 767px){ \n#top #wrap_all .av-special-heading.av-lral4fyh-02ee5cd27716a885585e97a875c0d1fe .av-special-heading-tag{\nfont-size:0.8em;\n}\n}\n\n@media only screen and (max-width: 479px){ \n#top #wrap_all .av-special-heading.av-lral4fyh-02ee5cd27716a885585e97a875c0d1fe .av-special-heading-tag{\nfont-size:0.8em;\n}\n}\n<\/style>\n<div  class='av-special-heading av-lral4fyh-02ee5cd27716a885585e97a875c0d1fe av-special-heading-h1 blockquote modern-quote  avia-builder-el-2  el_before_av_hr  avia-builder-el-first  av-inherit-size'><h1 class='av-special-heading-tag'  itemprop=\"headline\"  >Pol\u00edtica de privacidad<\/h1><div class=\"special-heading-border\"><div class=\"special-heading-inner-border\"><\/div><\/div><\/div><br \/>\n\n<style type=\"text\/css\" data-created_by=\"avia_inline_auto\" id=\"style-css-av-lral5njj-b374cb5daeab8035aab6aab83d8c48d8\">\n#top .hr.av-lral5njj-b374cb5daeab8035aab6aab83d8c48d8{\nmargin-top:15px;\nmargin-bottom:15px;\n}\n.hr.av-lral5njj-b374cb5daeab8035aab6aab83d8c48d8 .hr-inner{\nwidth:50px;\nborder-color:#000000;\n}\n<\/style>\n<div  class='hr av-lral5njj-b374cb5daeab8035aab6aab83d8c48d8 hr-custom  avia-builder-el-3  el_after_av_heading  el_before_av_textblock  hr-left hr-icon-no'><span class='hr-inner inner-border-av-border-fat'><span class=\"hr-inner-style\"><\/span><\/span><\/div><br \/>\n<section  class='av_textblock_section av-2yjx-73f373d4e5474d6fef8c76d602a2b4e7 '   itemscope=\"itemscope\" itemtype=\"https:\/\/schema.org\/CreativeWork\" ><div class='avia_textblock'  itemprop=\"text\" ><h2>Responsable del tratamiento<\/h2>\n<p>Los datos personales son tratados por <strong>GARCIA OLIV\u00c9 ARQUITECTURA, S.L.P.<\/strong>, con domicilio en calle Enten\u00e7a, 242-248, entlo. 2\u00aa., 08029 Barcelona, y correo electr\u00f3nico de contacto info@garciaolive.com.<\/p>\n<h2>Finalidad del tratamiento<\/h2>\n<p>\u2022 Gestionar las solicitudes de informaci\u00f3n recibidas a trav\u00e9s de la web.<br \/>\n\u2022 Gestionar la relaci\u00f3n con clientes y proveedores incluyendo aspectos econ\u00f3micos, contables y fiscales derivados de la relaci\u00f3n comercial.<br \/>\n\u2022 En su caso, y previo consentimiento del usuario, enviar comunicaciones comerciales relacionadas con los servicios de la empresa.<\/p>\n<h2>Legitimaci\u00f3n del tratamiento<\/h2>\n<p>\u2022 Ejecuci\u00f3n de un contrato o aplicaci\u00f3n de medidas precontractuales (art. 6.1.b RGPD).<br \/>\n\u2022 Cumplimiento de obligaciones legales (art. 6.1.c RGPD).<br \/>\n\u2022 Consentimiento del interesado cuando sea necesario (art. 6.1.a RGPD).<\/p>\n<h2>Conservaci\u00f3n de los datos<\/h2>\n<p>Los datos se conservar\u00e1n durante el tiempo necesario para cumplir con los fines descritos y, posteriormente, durante los plazos legales que puedan ser requeridos por la autoridad p\u00fablica competente.<\/p>\n<h2>Destinatarios<\/h2>\n<p>No se comunicar\u00e1n datos a terceros, salvo en los supuestos legalmente previstos.<\/p>\n<h2>Derechos de las personas interesadas<\/h2>\n<p>Puede ejercer sus derechos de acceso, rectificaci\u00f3n, supresi\u00f3n, portabilidad, limitaci\u00f3n u oposici\u00f3n mediante escrito a la direcci\u00f3n indicada o al correo electr\u00f3nico info@garciaolive.com, adjuntando una copia de un documento acreditativo de la identidad.<br \/>\nEn caso de considerar vulnerados sus derechos, puede presentar una reclamaci\u00f3n de antet la <strong>Ag\u00e9ncia Espa\u00f1ola de Protecci\u00f3n de Datos<\/strong> (www.aepd.es).<\/p>\n<\/div><\/section><\/p><\/div>\n","protected":false},"excerpt":{"rendered":"","protected":false},"author":3,"featured_media":0,"parent":0,"menu_order":0,"comment_status":"closed","ping_status":"closed","template":"","meta":{"om_disable_all_campaigns":false,"inline_featured_image":false,"_monsterinsights_skip_tracking":false,"_monsterinsights_sitenote_active":false,"_monsterinsights_sitenote_note":"","_monsterinsights_sitenote_category":0,"_uf_show_specific_survey":0,"_uf_disable_surveys":false,"footnotes":""},"class_list":["post-5291","page","type-page","status-publish","hentry"],"aioseo_notices":[],"_links":{"self":[{"href":"https:\/\/www.garciaolive.com\/es\/wp-json\/wp\/v2\/pages\/5291","targetHints":{"allow":["GET"]}}],"collection":[{"href":"https:\/\/www.garciaolive.com\/es\/wp-json\/wp\/v2\/pages"}],"about":[{"href":"https:\/\/www.garciaolive.com\/es\/wp-json\/wp\/v2\/types\/page"}],"author":[{"embeddable":true,"href":"https:\/\/www.garciaolive.com\/es\/wp-json\/wp\/v2\/users\/3"}],"replies":[{"embeddable":true,"href":"https:\/\/www.garciaolive.com\/es\/wp-json\/wp\/v2\/comments?post=5291"}],"version-history":[{"count":2,"href":"https:\/\/www.garciaolive.com\/es\/wp-json\/wp\/v2\/pages\/5291\/revisions"}],"predecessor-version":[{"id":5293,"href":"https:\/\/www.garciaolive.com\/es\/wp-json\/wp\/v2\/pages\/5291\/revisions\/5293"}],"wp:attachment":[{"href":"https:\/\/www.garciaolive.com\/es\/wp-json\/wp\/v2\/media?parent=5291"}],"curies":[{"name":"wp","href":"https:\/\/api.w.org\/{rel}","templated":true}]}}