{"id":5294,"date":"2025-10-03T12:42:08","date_gmt":"2025-10-03T12:42:08","guid":{"rendered":"https:\/\/www.garciaolive.com\/aviso-legal\/"},"modified":"2025-10-03T12:42:08","modified_gmt":"2025-10-03T12:42:08","slug":"aviso-legal","status":"publish","type":"page","link":"https:\/\/www.garciaolive.com\/es\/aviso-legal\/","title":{"rendered":"Aviso legal"},"content":{"rendered":"<div id='av_section_1'  class='avia-section av-208sk5-f420e2fd9225826f9ebb5d3998268be6 main_color avia-section-default avia-no-border-styling  avia-builder-el-0  avia-builder-el-no-sibling  avia-bg-style-scroll container_wrap fullsize'  ><div class='container av-section-cont-open' ><main  role=\"main\" itemprop=\"mainContentOfPage\"  class='template-page content  av-content-full alpha units'><div class='post-entry post-entry-type-page post-entry-5294'><div class='entry-content-wrapper clearfix'>\n\n<style type=\"text\/css\" data-created_by=\"avia_inline_auto\" id=\"style-css-av-1imx45-a307350d4040fc9fbf205395c3ec008b\">\n.flex_column.av-1imx45-a307350d4040fc9fbf205395c3ec008b{\nborder-radius:0px 0px 0px 0px;\npadding:0px 0px 0px 0px;\n}\n<\/style>\n<div  class='flex_column av-1imx45-a307350d4040fc9fbf205395c3ec008b av_one_full  avia-builder-el-1  avia-builder-el-no-sibling  first flex_column_div av-zero-column-padding  '     ><p>\n<style type=\"text\/css\" data-created_by=\"avia_inline_auto\" id=\"style-css-av-1ujw0l-1f0d6adafd75b88df2c510485d22e44a\">\n#top .av-special-heading.av-1ujw0l-1f0d6adafd75b88df2c510485d22e44a{\npadding-bottom:20px;\nfont-size:40px;\n}\nbody .av-special-heading.av-1ujw0l-1f0d6adafd75b88df2c510485d22e44a .av-special-heading-tag .heading-char{\nfont-size:25px;\n}\n#top #wrap_all .av-special-heading.av-1ujw0l-1f0d6adafd75b88df2c510485d22e44a .av-special-heading-tag{\nfont-size:40px;\n}\n.av-special-heading.av-1ujw0l-1f0d6adafd75b88df2c510485d22e44a .av-subheading{\nfont-size:15px;\n}\n\n@media only screen and (min-width: 480px) and (max-width: 767px){ \n#top #wrap_all .av-special-heading.av-1ujw0l-1f0d6adafd75b88df2c510485d22e44a .av-special-heading-tag{\nfont-size:0.8em;\n}\n}\n\n@media only screen and (max-width: 479px){ \n#top #wrap_all .av-special-heading.av-1ujw0l-1f0d6adafd75b88df2c510485d22e44a .av-special-heading-tag{\nfont-size:0.8em;\n}\n}\n<\/style>\n<div  class='av-special-heading av-1ujw0l-1f0d6adafd75b88df2c510485d22e44a av-special-heading-h1 blockquote modern-quote  avia-builder-el-2  el_before_av_hr  avia-builder-el-first  av-inherit-size'><h1 class='av-special-heading-tag'  itemprop=\"headline\"  >Aviso legal<\/h1><div class=\"special-heading-border\"><div class=\"special-heading-inner-border\"><\/div><\/div><\/div><br \/>\n\n<style type=\"text\/css\" data-created_by=\"avia_inline_auto\" id=\"style-css-av-1q460l-e6291291df63553a092ad6b99ce78592\">\n#top .hr.av-1q460l-e6291291df63553a092ad6b99ce78592{\nmargin-top:10px;\nmargin-bottom:10px;\n}\n.hr.av-1q460l-e6291291df63553a092ad6b99ce78592 .hr-inner{\nwidth:50px;\nborder-color:#000000;\n}\n<\/style>\n<div  class='hr av-1q460l-e6291291df63553a092ad6b99ce78592 hr-custom  avia-builder-el-3  el_after_av_heading  el_before_av_textblock  hr-left hr-icon-no'><span class='hr-inner inner-border-av-border-fat'><span class=\"hr-inner-style\"><\/span><\/span><\/div><br \/>\n<section  class='av_textblock_section av-1d4txx-454304350bb9d8dfdaabc7f901e57a59 '   itemscope=\"itemscope\" itemtype=\"https:\/\/schema.org\/CreativeWork\" ><div class='avia_textblock'  itemprop=\"text\" ><h2>Ley de Servicios de la Sociedad de la Informaci\u00f3n y Comercio Electr\u00f3nico (LSSICE)<\/h2>\n<p>En cumplimiento del art\u00edculo 10 de la Ley 34\/2002, de 11 de julio, de servicios de la Sociedad de la Informaci\u00f3n y Comercio Electr\u00f3nico (LSSICE) a continuaci\u00f3n se detallan los datos identificativos del titular:<\/p>\n<p><strong>GARCIA OLIV\u00c9 ARQUITECTURA, S.L.P.<\/strong>, con domicilio en calle Enten\u00e7a, 242-248, entlo. 2\u00aa., 08029 Barcelona, y correo electr\u00f3nico de contacto info@garciaolive.com.<\/p>\n<h2>Inscripci\u00f3n registral<\/h2>\n<p>Inscrita en el registro Mercantil de Barcelona Volumen 46824, Folio 206, Hoja 532135, Inscripci\u00f3n 1<\/p>\n<h2>Finalidad de la p\u00e1gina web<\/h2>\n<p>Dar informaci\u00f3n de la empresa y los servicios que comercializa.<br \/>\nEl presente aviso legal (en adelante, el \u00abAviso Legal\u00bb) regula el uso del sitio web: web<\/p>\n<h2>Legislaci\u00f3n<\/h2>\n<p>Con car\u00e1cter general las relaciones entre <strong>GARCIA OLIV\u00c9 ARQUITECTURA, S.L.P.<\/strong> con los Usuarios de sus servicios telem\u00e1ticos, presentes en este sitio web, est\u00e1n sometidos a la legislaci\u00f3n y jurisdicci\u00f3n espa\u00f1ola.<\/p>\n<h2>Uso y acceso de Usuarios<\/h2>\n<p>El Usuario queda informado, y acepta, que el acceso a la presente web no supone, en modo alguno, el inicio de una relaci\u00f3n comercial con <strong>GARCIA OLIV\u00c9 ARQUITECTURA, S.L.P. <\/strong>.<\/p>\n<h2>Propiedad intelectual e industrial<\/h2>\n<p>Los derechos de propiedad intelectual del contenido de las p\u00e1ginas web, su dise\u00f1o gr\u00e1fico y c\u00f3digos son titularidad de <strong>GARCIA OLIV\u00c9 ARQUITECTURA, S.L.P. <\/strong>y, por tanto, queda prohibida su reproducci\u00f3n, distribuci\u00f3n, comunicaci\u00f3n p\u00fablica, transformaci\u00f3n o cualquier otra actividad que se pueda realizar con los contenidos de sus p\u00e1ginas web ni incluso citando las fuentes, salvo el consentimiento por escrito de  <strong>GARCIA OLIV\u00c9 ARQUITECTURA, S.L.P..<\/strong><\/p>\n<h2>Contenido de la web y enlaces (links)<\/h2>\n<p><strong>GARCIA OLIV\u00c9 ARQUITECTURA, S.L.P. <\/strong>se reserva el derecho a actualizar, modificar o eliminar la informaci\u00f3n contenida en sus p\u00e1ginas web e incluso puede limitar o no permitir el acceso a dicha informaci\u00f3n a ciertos usuarios.<\/p>\n<\/div><\/section><\/p><\/div>\n","protected":false},"excerpt":{"rendered":"","protected":false},"author":3,"featured_media":0,"parent":0,"menu_order":0,"comment_status":"closed","ping_status":"closed","template":"","meta":{"om_disable_all_campaigns":false,"inline_featured_image":false,"_monsterinsights_skip_tracking":false,"_monsterinsights_sitenote_active":false,"_monsterinsights_sitenote_note":"","_monsterinsights_sitenote_category":0,"_uf_show_specific_survey":0,"_uf_disable_surveys":false,"footnotes":""},"class_list":["post-5294","page","type-page","status-publish","hentry"],"aioseo_notices":[],"_links":{"self":[{"href":"https:\/\/www.garciaolive.com\/es\/wp-json\/wp\/v2\/pages\/5294","targetHints":{"allow":["GET"]}}],"collection":[{"href":"https:\/\/www.garciaolive.com\/es\/wp-json\/wp\/v2\/pages"}],"about":[{"href":"https:\/\/www.garciaolive.com\/es\/wp-json\/wp\/v2\/types\/page"}],"author":[{"embeddable":true,"href":"https:\/\/www.garciaolive.com\/es\/wp-json\/wp\/v2\/users\/3"}],"replies":[{"embeddable":true,"href":"https:\/\/www.garciaolive.com\/es\/wp-json\/wp\/v2\/comments?post=5294"}],"version-history":[{"count":2,"href":"https:\/\/www.garciaolive.com\/es\/wp-json\/wp\/v2\/pages\/5294\/revisions"}],"predecessor-version":[{"id":5296,"href":"https:\/\/www.garciaolive.com\/es\/wp-json\/wp\/v2\/pages\/5294\/revisions\/5296"}],"wp:attachment":[{"href":"https:\/\/www.garciaolive.com\/es\/wp-json\/wp\/v2\/media?parent=5294"}],"curies":[{"name":"wp","href":"https:\/\/api.w.org\/{rel}","templated":true}]}}