{"id":5392,"date":"2025-10-06T10:13:35","date_gmt":"2025-10-06T10:13:35","guid":{"rendered":"https:\/\/www.garciaolive.com\/home\/"},"modified":"2025-10-28T16:02:32","modified_gmt":"2025-10-28T16:02:32","slug":"inicio","status":"publish","type":"page","link":"https:\/\/www.garciaolive.com\/es\/","title":{"rendered":"Home"},"content":{"rendered":"<div   class='avia-fullscreen-slider main_color   avia-builder-el-0  el_before_av_layout_row  avia-builder-el-first  container_wrap fullsize'  >\n<style type=\"text\/css\" data-created_by=\"avia_inline_auto\" id=\"style-css-av-lqauvok5-bfcd971e46d5ba3f3b7aa42c9ab9001a\">\n#top #wrap_all .avia-slideshow .av-slideshow-caption.av-lqauvok5-bfcd971e46d5ba3f3b7aa42c9ab9001a__0 .avia-caption-title{\nfont-size:55px;\n}\n#top .avia-slideshow .av-slideshow-caption.av-lqauvok5-bfcd971e46d5ba3f3b7aa42c9ab9001a__0 .avia-caption-content{\nfont-size:20px;\n}\n#top .avia-slideshow .av-slideshow-caption.av-lqauvok5-bfcd971e46d5ba3f3b7aa42c9ab9001a__0 .avia-caption-content p{\nfont-size:20px;\n}\n\n@media only screen and (max-width: 479px){ \n#top #wrap_all .avia-slideshow .av-slideshow-caption.av-lqauvok5-bfcd971e46d5ba3f3b7aa42c9ab9001a__0 .avia-caption-title{\nfont-size:32px;\n}\n#top .avia-slideshow .av-slideshow-caption.av-lqauvok5-bfcd971e46d5ba3f3b7aa42c9ab9001a__0 .avia-caption-content{\nfont-size:16px;\n}\n#top .avia-slideshow .av-slideshow-caption.av-lqauvok5-bfcd971e46d5ba3f3b7aa42c9ab9001a__0 .avia-caption-content p{\nfont-size:16px;\n}\n}\n<\/style>\n<a href='#next-section' title='' class='scroll-down-link av-control-minimal' aria-hidden='true' data-av_icon='\ue877' data-av_iconfont='entypo-fontello'><\/a><div  class='avia-slideshow av-lqauvok5-bfcd971e46d5ba3f3b7aa42c9ab9001a avia-slideshow-extra_large av_fullscreen avia-fade-slider av-slideshow-ui av-control-minimal av-no-slider-navigation av-slideshow-autoplay av-loop-endless av-loop-manual-endless av-slider-scroll-down-active av-default-height-applied   avia-slideshow-1' data-slideshow-options=\"{&quot;animation&quot;:&quot;fade&quot;,&quot;autoplay&quot;:true,&quot;loop_autoplay&quot;:&quot;endless&quot;,&quot;interval&quot;:5,&quot;loop_manual&quot;:&quot;manual-endless&quot;,&quot;autoplay_stopper&quot;:false,&quot;noNavigation&quot;:false,&quot;bg_slider&quot;:true,&quot;keep_padding&quot;:false,&quot;hoverpause&quot;:false,&quot;show_slide_delay&quot;:0,&quot;slide_height&quot;:&quot;100&quot;,&quot;image_attachment&quot;:&quot;fixed&quot;}\"  itemprop=\"image\" itemscope=\"itemscope\" itemtype=\"https:\/\/schema.org\/ImageObject\" ><ul class='avia-slideshow-inner ' style='padding-bottom: 54%;'><li style='background-position:center center;' data-img-url='https:\/\/www.garciaolive.com\/wp-content\/uploads\/2023\/12\/01-P1007414-apaisada-1950px-1-1500x810.jpg' class='avia-slideshow-slide av-lqauvok5-bfcd971e46d5ba3f3b7aa42c9ab9001a__0  slide-1 slide-odd'><div data-rel='slideshow-1' class='avia-slide-wrap '   ><div class='av-section-color-overlay' style='opacity: 0.3; background-color: #000000; '><\/div><\/div><\/li><li style='background-position:center center;' data-img-url='https:\/\/www.garciaolive.com\/wp-content\/uploads\/2023\/12\/02-P1010973-apaisada-1950px-1500x810.jpg' class='avia-slideshow-slide av-lqauvok5-bfcd971e46d5ba3f3b7aa42c9ab9001a__1  slide-2 slide-even'><div data-rel='slideshow-1' class='avia-slide-wrap '   ><div class='av-section-color-overlay' style='opacity: 0.3; background-color: #000000; '><\/div><\/div><\/li><li style='background-position:center center;' data-img-url='https:\/\/www.garciaolive.com\/wp-content\/uploads\/2023\/12\/03-P1012172-apaisada-1950px-1500x810.jpg' class='avia-slideshow-slide av-lqauvok5-bfcd971e46d5ba3f3b7aa42c9ab9001a__2  slide-3 slide-odd'><div data-rel='slideshow-1' class='avia-slide-wrap '   ><div class='av-section-color-overlay' style='opacity: 0.3; background-color: #000000; '><\/div><\/div><\/li><li style='background-position:center center;' data-img-url='https:\/\/www.garciaolive.com\/wp-content\/uploads\/2023\/12\/04-P1012428-apaisada-1950px-1500x810.jpg' class='avia-slideshow-slide av-lqauvok5-bfcd971e46d5ba3f3b7aa42c9ab9001a__3  slide-4 slide-even'><div data-rel='slideshow-1' class='avia-slide-wrap '   ><div class='av-section-color-overlay' style='opacity: 0.3; background-color: #000000; '><\/div><\/div><\/li><li style='background-position:center center;' data-img-url='https:\/\/www.garciaolive.com\/wp-content\/uploads\/2023\/12\/05-P1012833-apaisada-1950px-1-1500x810.jpg' class='avia-slideshow-slide av-lqauvok5-bfcd971e46d5ba3f3b7aa42c9ab9001a__4  slide-5 slide-odd'><div data-rel='slideshow-1' class='avia-slide-wrap '   ><div class='av-section-color-overlay' style='opacity: 0.3; background-color: #000000; '><\/div><\/div><\/li><li style='background-position:center center;' data-img-url='https:\/\/www.garciaolive.com\/wp-content\/uploads\/2025\/09\/OFICINA-1500x1125.jpg' class='avia-slideshow-slide av-lqauvok5-bfcd971e46d5ba3f3b7aa42c9ab9001a__5  slide-6 slide-even'><div data-rel='slideshow-1' class='avia-slide-wrap '   ><div class='av-section-color-overlay' style='opacity: 0.3; background-color: #000000; '><\/div><\/div><\/li><\/ul><div class='avia-slideshow-arrows avia-slideshow-controls' ><a href='#prev' class='prev-slide ' aria-hidden='true' data-av_icon='\ue87c' data-av_iconfont='entypo-fontello'  tabindex='-1'>Anterior<\/a><a href='#next' class='next-slide ' aria-hidden='true' data-av_icon='\ue87d' data-av_iconfont='entypo-fontello'  tabindex='-1'>Posterior<\/a><\/div><div class='av-slideshow-caption av-lqauvok5-bfcd971e46d5ba3f3b7aa42c9ab9001a__0 caption_fullwidth caption_center'><div class=\"container caption_container\"><div class=\"slideshow_caption\"><div class=\"slideshow_inner_caption\"><div class=\"slideshow_align_caption\"><h2 class='avia-caption-title '  itemprop=\"name\" >GARCIA OLIV\u00c9 ARQUITECTURA<\/h2><div class='avia-caption-content '  itemprop=\"description\" ><p>Soluciones arquitect\u00f3nicas adaptadas a cada necesidad<\/p>\n<\/div><a href='https:\/\/www.garciaolive.com\/es\/proyectos\/'  class='avia-slideshow-button avia-button avia-color-light ' data-duration='800' data-easing='easeInOutQuad'>Proyectos<\/a><\/div><\/div><\/div><\/div><\/div><\/div><\/div>\n<div id='3-col-intro'  class='av-layout-grid-container av-cocton-3a664b8dfc87def1692f26a7d3863b88 entry-content-wrapper main_color av-border-top-bottom av-flex-cells  avia-builder-el-1  el_after_av_fullscreen  el_before_av_layout_row  grid-row-not-first  container_wrap fullsize'  >\n\n<style type=\"text\/css\" data-created_by=\"avia_inline_auto\" id=\"style-css-av-mfmh5chg-23873faa1cb781670d8fac1e6553bd08\">\n.flex_cell.av-mfmh5chg-23873faa1cb781670d8fac1e6553bd08{\nvertical-align:top;\n}\n.responsive #top #wrap_all .flex_cell.av-mfmh5chg-23873faa1cb781670d8fac1e6553bd08{\npadding:70px 50px 70px 50px !important;\n}\n<\/style>\n<div class='flex_cell av-mfmh5chg-23873faa1cb781670d8fac1e6553bd08 av-gridrow-cell av_one_half no_margin  avia-builder-el-2  el_before_av_cell_one_half  avia-builder-el-first '  ><div class='flex_cell_inner'><p>\n<style type=\"text\/css\" data-created_by=\"avia_inline_auto\" id=\"style-css-av-awzg1z-1d69016e08e25ef4a782b0daa9a4ebf5\">\n#top .av-special-heading.av-awzg1z-1d69016e08e25ef4a782b0daa9a4ebf5{\npadding-bottom:10px;\ncolor:#0f0003;\n}\nbody .av-special-heading.av-awzg1z-1d69016e08e25ef4a782b0daa9a4ebf5 .av-special-heading-tag .heading-char{\nfont-size:25px;\n}\n.av-special-heading.av-awzg1z-1d69016e08e25ef4a782b0daa9a4ebf5 .special-heading-inner-border{\nborder-color:#0f0003;\n}\n.av-special-heading.av-awzg1z-1d69016e08e25ef4a782b0daa9a4ebf5 .av-subheading{\nfont-size:15px;\n}\n<\/style>\n<div  class='av-special-heading av-awzg1z-1d69016e08e25ef4a782b0daa9a4ebf5 av-special-heading-h3 custom-color-heading  avia-builder-el-3  el_before_av_textblock  avia-builder-el-first '><h3 class='av-special-heading-tag'  itemprop=\"headline\"  >Proyectamos ideas, construimos realidades<\/h3><div class=\"special-heading-border\"><div class=\"special-heading-inner-border\"><\/div><\/div><\/div><br \/>\n\n<style type=\"text\/css\" data-created_by=\"avia_inline_auto\" id=\"style-css-av-8irvnr-1a4d84cdd4fae2b3e854eeb89da9b10d\">\n#top .av_textblock_section.av-8irvnr-1a4d84cdd4fae2b3e854eeb89da9b10d .avia_textblock{\nfont-size:14px;\n}\n<\/style>\n<section  class='av_textblock_section av-8irvnr-1a4d84cdd4fae2b3e854eeb89da9b10d '   itemscope=\"itemscope\" itemtype=\"https:\/\/schema.org\/CreativeWork\" ><div class='avia_textblock'  itemprop=\"text\" ><p>Nuestro equipo de <strong>arquitectos<\/strong> ofrece<strong> servicios integrales de arquitectura, interiorismo y rehabilitaci\u00f3n de edifici<\/strong>os adaptados a las necesidades de cada cliente.<\/p>\n<p>Participamos en todas las fases del proyecto: desde la idea inicial y el dise\u00f1o, hasta la direcci\u00f3n de obra y gesti\u00f3n t\u00e9cnica, con un equipo multidisciplinar de <strong>Arquitectos y Arquitectos t\u00e9cnicos colaboradores.<\/strong><\/p>\n<\/div><\/section><\/p>\n<\/div><\/div>\n<style type=\"text\/css\" data-created_by=\"avia_inline_auto\" id=\"style-css-av-75ios7-ce3b7ac922b2b570259f071ad8385026\">\n.flex_cell.av-75ios7-ce3b7ac922b2b570259f071ad8385026{\nvertical-align:top;\n}\n.responsive #top #wrap_all .flex_cell.av-75ios7-ce3b7ac922b2b570259f071ad8385026{\npadding:70px 50px 70px 50px !important;\n}\n<\/style>\n<div class='flex_cell av-75ios7-ce3b7ac922b2b570259f071ad8385026 av-gridrow-cell av_one_half no_margin  avia-builder-el-5  el_after_av_cell_one_half  avia-builder-el-last '  ><div class='flex_cell_inner'><p>\n<style type=\"text\/css\" data-created_by=\"avia_inline_auto\" id=\"style-css-av-59nwyv-bc639d7c82783f6c0830039b4dde1a52\">\n#top .av-special-heading.av-59nwyv-bc639d7c82783f6c0830039b4dde1a52{\npadding-bottom:10px;\ncolor:#0f0003;\n}\nbody .av-special-heading.av-59nwyv-bc639d7c82783f6c0830039b4dde1a52 .av-special-heading-tag .heading-char{\nfont-size:25px;\n}\n.av-special-heading.av-59nwyv-bc639d7c82783f6c0830039b4dde1a52 .special-heading-inner-border{\nborder-color:#0f0003;\n}\n.av-special-heading.av-59nwyv-bc639d7c82783f6c0830039b4dde1a52 .av-subheading{\nfont-size:15px;\n}\n<\/style>\n<div  class='av-special-heading av-59nwyv-bc639d7c82783f6c0830039b4dde1a52 av-special-heading-h3 custom-color-heading  avia-builder-el-6  el_before_av_textblock  avia-builder-el-first '><h3 class='av-special-heading-tag'  itemprop=\"headline\"  >Soluciones arquitect\u00f3nicas<\/h3><div class=\"special-heading-border\"><div class=\"special-heading-inner-border\"><\/div><\/div><\/div><br \/>\n\n<style type=\"text\/css\" data-created_by=\"avia_inline_auto\" id=\"style-css-av-3oiy1j-481fd58b0bb8bf4d25e3ebebf99fffed\">\n#top .av_textblock_section.av-3oiy1j-481fd58b0bb8bf4d25e3ebebf99fffed .avia_textblock{\nfont-size:14px;\n}\n<\/style>\n<section  class='av_textblock_section av-3oiy1j-481fd58b0bb8bf4d25e3ebebf99fffed '   itemscope=\"itemscope\" itemtype=\"https:\/\/schema.org\/CreativeWork\" ><div class='avia_textblock'  itemprop=\"text\" ><p>Con experiencia en <strong>proyectos residenciales, comerciales y p\u00fablicos<\/strong>, trabajamos en toda Barcelona, \u200b\u200bgarantizando calidad, precisi\u00f3n y atenci\u00f3n personalizada. Nuestra filosof\u00eda se basa en entender el espacio como una experiencia, poniendo en el centro a las personas y su entorno. <\/p>\n<p>Construimos respuestas pensando en cada reto.<\/p>\n<\/div><\/section><\/p>\n<\/div><\/div><\/div><div id='best-rated'  class='av-layout-grid-container av-wd36mu-128f6152cf5755a3327b2ef77c5c1309 entry-content-wrapper main_color av-flex-cells  avia-builder-el-8  el_after_av_layout_row  el_before_av_one_half  grid-row-not-first  container_wrap fullsize'  >\n\n<style type=\"text\/css\" data-created_by=\"avia_inline_auto\" id=\"style-css-av-w3s2la-3f727ae29b7187dd3f39a48c70d66534\">\n.flex_cell.av-w3s2la-3f727ae29b7187dd3f39a48c70d66534{\nvertical-align:middle;\nbackground-color:#f8f8f8;\n}\n.responsive #top #wrap_all .flex_cell.av-w3s2la-3f727ae29b7187dd3f39a48c70d66534{\npadding:150px 0px 150px 150px !important;\n}\n\n@media only screen and (max-width: 479px){ \n.responsive #top #wrap_all .flex_cell.av-w3s2la-3f727ae29b7187dd3f39a48c70d66534{\npadding:50px 0px 50px 0px !important;\n}\n}\n<\/style>\n<div class='flex_cell av-w3s2la-3f727ae29b7187dd3f39a48c70d66534 av-gridrow-cell av_one_half no_margin  avia-builder-el-9  el_before_av_cell_one_half  avia-builder-el-first '  ><div class='flex_cell_inner'>\n<style type=\"text\/css\" data-created_by=\"avia_inline_auto\" id=\"style-css-av-w0nft2-110acc658a89c0cf084db5af0eea0ae9\">\n#top .flex_column.av-w0nft2-110acc658a89c0cf084db5af0eea0ae9{\nmargin-top:0px;\nmargin-bottom:0px;\n}\n.flex_column.av-w0nft2-110acc658a89c0cf084db5af0eea0ae9{\nborder-radius:0px 0px 0px 0px;\npadding:0px 0px 0px 0px;\n}\n.responsive #top #wrap_all .flex_column.av-w0nft2-110acc658a89c0cf084db5af0eea0ae9{\nmargin-top:0px;\nmargin-bottom:0px;\n}\n<\/style>\n<div  class='flex_column av-w0nft2-110acc658a89c0cf084db5af0eea0ae9 av_one_full  avia-builder-el-10  avia-builder-el-no-sibling  first no_margin flex_column_div av-animated-generic left-to-right av-zero-column-padding  '     ><p>\n<style type=\"text\/css\" data-created_by=\"avia_inline_auto\" id=\"style-css-av-vuhy1i-b2559fcab4393751ed48fbbc79502091\">\n#top .av-special-heading.av-vuhy1i-b2559fcab4393751ed48fbbc79502091{\npadding-bottom:20px;\ncolor:#000000;\nfont-size:40px;\n}\nbody .av-special-heading.av-vuhy1i-b2559fcab4393751ed48fbbc79502091 .av-special-heading-tag .heading-char{\nfont-size:25px;\n}\n#top #wrap_all .av-special-heading.av-vuhy1i-b2559fcab4393751ed48fbbc79502091 .av-special-heading-tag{\nfont-size:40px;\n}\n.av-special-heading.av-vuhy1i-b2559fcab4393751ed48fbbc79502091 .special-heading-inner-border{\nborder-color:#000000;\n}\n.av-special-heading.av-vuhy1i-b2559fcab4393751ed48fbbc79502091 .av-subheading{\nfont-size:15px;\n}\n\n@media only screen and (min-width: 480px) and (max-width: 767px){ \n#top #wrap_all .av-special-heading.av-vuhy1i-b2559fcab4393751ed48fbbc79502091 .av-special-heading-tag{\nfont-size:0.8em;\n}\n}\n\n@media only screen and (max-width: 479px){ \n#top #wrap_all .av-special-heading.av-vuhy1i-b2559fcab4393751ed48fbbc79502091 .av-special-heading-tag{\nfont-size:0.8em;\n}\n}\n<\/style>\n<div  class='av-special-heading av-vuhy1i-b2559fcab4393751ed48fbbc79502091 av-special-heading-h1 custom-color-heading blockquote modern-quote  avia-builder-el-11  el_before_av_hr  avia-builder-el-first  av-inherit-size'><h1 class='av-special-heading-tag'  itemprop=\"headline\"  >Garcia Oliv\u00e9 Arquitectura<\/h1><div class=\"special-heading-border\"><div class=\"special-heading-inner-border\"><\/div><\/div><\/div><br \/>\n\n<style type=\"text\/css\" data-created_by=\"avia_inline_auto\" id=\"style-css-av-vn9f6m-4f5d29912c3422f2255cf80ce241f08a\">\n#top .hr.av-vn9f6m-4f5d29912c3422f2255cf80ce241f08a{\nmargin-top:30px;\nmargin-bottom:30px;\n}\n.hr.av-vn9f6m-4f5d29912c3422f2255cf80ce241f08a .hr-inner{\nwidth:50px;\nborder-color:#000000;\n}\n<\/style>\n<div  class='hr av-vn9f6m-4f5d29912c3422f2255cf80ce241f08a hr-custom  avia-builder-el-12  el_after_av_heading  el_before_av_textblock  hr-left hr-icon-no'><span class='hr-inner inner-border-av-border-fat'><span class=\"hr-inner-style\"><\/span><\/span><\/div><br \/>\n<section  class='av_textblock_section av-vhvpf2-562b54492c8af0b5a0e024ffbfe4306e '   itemscope=\"itemscope\" itemtype=\"https:\/\/schema.org\/CreativeWork\" ><div class='avia_textblock'  itemprop=\"text\" ><p>Somos un <strong>estudio de arquitectura<\/strong> con sede en Barcelona, \u200b\u200bcon m\u00e1s de 25 a\u00f1os de experiencia, especializado en el dise\u00f1o y desarrollo de <strong>proyectos arquitect\u00f3nicos personalizados.<\/strong> Trabajamos con una visi\u00f3n contempor\u00e1nea y respetuosa con el entorno, creando espacios \u00fanicos que combinen funcionalidad, est\u00e9tica y sostenibilidad.<\/p>\n<\/div><\/section><br \/>\n\n<style type=\"text\/css\" data-created_by=\"avia_inline_auto\" id=\"style-css-av-350dku-4ae92e7c122748f2234be048f3f2411a\">\n#top .hr.hr-invisible.av-350dku-4ae92e7c122748f2234be048f3f2411a{\nheight:20px;\n}\n<\/style>\n<div  class='hr av-350dku-4ae92e7c122748f2234be048f3f2411a hr-invisible  avia-builder-el-14  el_after_av_textblock  el_before_av_hr '><span class='hr-inner '><span class=\"hr-inner-style\"><\/span><\/span><\/div><br \/>\n\n<style type=\"text\/css\" data-created_by=\"avia_inline_auto\" id=\"style-css-av-uavfri-e8702f22f4d10af075a13034e9300903\">\n#top .hr.hr-invisible.av-uavfri-e8702f22f4d10af075a13034e9300903{\nheight:42px;\n}\n<\/style>\n<div  class='hr av-uavfri-e8702f22f4d10af075a13034e9300903 hr-invisible  avia-builder-el-15  el_after_av_hr  el_before_av_button '><span class='hr-inner '><span class=\"hr-inner-style\"><\/span><\/span><\/div><br \/>\n<div  class='avia-button-wrap av-u9ijqe-1154252b75a70122a3ece858efb57193-wrap avia-button-left  avia-builder-el-16  el_after_av_hr  avia-builder-el-last '><a href='https:\/\/www.garciaolive.com\/es\/estudio\/'  class='avia-button av-u9ijqe-1154252b75a70122a3ece858efb57193 avia-icon_select-yes-left-icon avia-size-large avia-position-left av-icon-on-hover avia-color-dark'  ><span class='avia_button_icon avia_button_icon_left' aria-hidden='true' data-av_icon='\ue88d' data-av_iconfont='entypo-fontello'><\/span><span class='avia_iconbox_title' >Con\u00f3cenos<\/span><\/a><\/div><\/p><\/div>\n<\/div><\/div>\n<style type=\"text\/css\" data-created_by=\"avia_inline_auto\" id=\"style-css-av-u12oou-7f24a6d3e0d67d2a130808163065b77c\">\n.flex_cell.av-u12oou-7f24a6d3e0d67d2a130808163065b77c{\nvertical-align:middle;\nbackground:url(https:\/\/www.garciaolive.com\/wp-content\/uploads\/2023\/12\/estudi-dreta-845x684.png) 100% 0% no-repeat scroll #f8f8f8;\n}\n.responsive #top #wrap_all .flex_cell.av-u12oou-7f24a6d3e0d67d2a130808163065b77c{\npadding:500px 0px 0px 0px !important;\n}\n<\/style>\n<div class='flex_cell av-u12oou-7f24a6d3e0d67d2a130808163065b77c av-gridrow-cell av_one_half no_margin av-hide-on-mobile  avia-builder-el-17  el_after_av_cell_one_half  avia-builder-el-last '  ><div class='flex_cell_inner'><\/div><\/div>\n<\/div><div id='after_grid_row_2'  class='main_color av_default_container_wrap container_wrap fullsize'  ><div class='container av-section-cont-open' ><div class='template-page content  av-content-full alpha units'><div class='post-entry post-entry-type-page post-entry-5392'><div class='entry-content-wrapper clearfix'><\/p>\n<div  class='flex_column av-6xzev-0226ae5ff86e8418cad833f678801032 av_one_half  avia-builder-el-18  el_after_av_layout_row  el_before_av_comments_list  avia-builder-el-first  first flex_column_div  '     ><\/div>\n<div  class='av-buildercomment av-13i93-0af6eea7667c883631a10bb9fa40aa63  av-blog-meta-html-info-disabled'><\/div>\n","protected":false},"excerpt":{"rendered":"","protected":false},"author":3,"featured_media":0,"parent":0,"menu_order":0,"comment_status":"closed","ping_status":"closed","template":"","meta":{"om_disable_all_campaigns":false,"inline_featured_image":false,"_monsterinsights_skip_tracking":false,"_monsterinsights_sitenote_active":false,"_monsterinsights_sitenote_note":"","_monsterinsights_sitenote_category":0,"_uf_show_specific_survey":0,"_uf_disable_surveys":false,"footnotes":""},"class_list":["post-5392","page","type-page","status-publish","hentry"],"aioseo_notices":[],"_links":{"self":[{"href":"https:\/\/www.garciaolive.com\/es\/wp-json\/wp\/v2\/pages\/5392","targetHints":{"allow":["GET"]}}],"collection":[{"href":"https:\/\/www.garciaolive.com\/es\/wp-json\/wp\/v2\/pages"}],"about":[{"href":"https:\/\/www.garciaolive.com\/es\/wp-json\/wp\/v2\/types\/page"}],"author":[{"embeddable":true,"href":"https:\/\/www.garciaolive.com\/es\/wp-json\/wp\/v2\/users\/3"}],"replies":[{"embeddable":true,"href":"https:\/\/www.garciaolive.com\/es\/wp-json\/wp\/v2\/comments?post=5392"}],"version-history":[{"count":12,"href":"https:\/\/www.garciaolive.com\/es\/wp-json\/wp\/v2\/pages\/5392\/revisions"}],"predecessor-version":[{"id":5555,"href":"https:\/\/www.garciaolive.com\/es\/wp-json\/wp\/v2\/pages\/5392\/revisions\/5555"}],"wp:attachment":[{"href":"https:\/\/www.garciaolive.com\/es\/wp-json\/wp\/v2\/media?parent=5392"}],"curies":[{"name":"wp","href":"https:\/\/api.w.org\/{rel}","templated":true}]}}