{"id":5491,"date":"2025-10-10T11:59:21","date_gmt":"2025-10-10T11:59:21","guid":{"rendered":"https:\/\/www.garciaolive.com\/politica-de-cookies\/"},"modified":"2025-10-10T12:31:46","modified_gmt":"2025-10-10T12:31:46","slug":"politica-de-cookies","status":"publish","type":"page","link":"https:\/\/www.garciaolive.com\/es\/politica-de-cookies\/","title":{"rendered":"Pol\u00edtica de cookies"},"content":{"rendered":"<div id='av_section_1'  class='avia-section av-208sk5-f420e2fd9225826f9ebb5d3998268be6 main_color avia-section-default avia-no-border-styling  avia-builder-el-0  el_before_av_textblock  avia-builder-el-first  avia-bg-style-scroll container_wrap fullsize'  ><div class='container av-section-cont-open' ><main  role=\"main\" itemprop=\"mainContentOfPage\"  class='template-page content  av-content-full alpha units'><div class='post-entry post-entry-type-page post-entry-5491'><div class='entry-content-wrapper clearfix'>\n\n<style type=\"text\/css\" data-created_by=\"avia_inline_auto\" id=\"style-css-av-1imx45-a307350d4040fc9fbf205395c3ec008b\">\n.flex_column.av-1imx45-a307350d4040fc9fbf205395c3ec008b{\nborder-radius:0px 0px 0px 0px;\npadding:0px 0px 0px 0px;\n}\n<\/style>\n<div  class='flex_column av-1imx45-a307350d4040fc9fbf205395c3ec008b av_one_full  avia-builder-el-1  avia-builder-el-no-sibling  first flex_column_div av-zero-column-padding  '     ><p>\n<style type=\"text\/css\" data-created_by=\"avia_inline_auto\" id=\"style-css-av-1ujw0l-7e901dd45bb0ba249295e577f1cb8285\">\n#top .av-special-heading.av-1ujw0l-7e901dd45bb0ba249295e577f1cb8285{\npadding-bottom:20px;\nfont-size:40px;\n}\nbody .av-special-heading.av-1ujw0l-7e901dd45bb0ba249295e577f1cb8285 .av-special-heading-tag .heading-char{\nfont-size:25px;\n}\n#top #wrap_all .av-special-heading.av-1ujw0l-7e901dd45bb0ba249295e577f1cb8285 .av-special-heading-tag{\nfont-size:40px;\n}\n.av-special-heading.av-1ujw0l-7e901dd45bb0ba249295e577f1cb8285 .av-subheading{\nfont-size:15px;\n}\n\n@media only screen and (min-width: 480px) and (max-width: 767px){ \n#top #wrap_all .av-special-heading.av-1ujw0l-7e901dd45bb0ba249295e577f1cb8285 .av-special-heading-tag{\nfont-size:0.8em;\n}\n}\n\n@media only screen and (max-width: 479px){ \n#top #wrap_all .av-special-heading.av-1ujw0l-7e901dd45bb0ba249295e577f1cb8285 .av-special-heading-tag{\nfont-size:0.8em;\n}\n}\n<\/style>\n<div  class='av-special-heading av-1ujw0l-7e901dd45bb0ba249295e577f1cb8285 av-special-heading-h1 blockquote modern-quote  avia-builder-el-2  el_before_av_hr  avia-builder-el-first  av-inherit-size'><h1 class='av-special-heading-tag'  itemprop=\"headline\"  >Pol\u00edtica de cookies<\/h1><div class=\"special-heading-border\"><div class=\"special-heading-inner-border\"><\/div><\/div><\/div><br \/>\n\n<style type=\"text\/css\" data-created_by=\"avia_inline_auto\" id=\"style-css-av-1q460l-e6291291df63553a092ad6b99ce78592\">\n#top .hr.av-1q460l-e6291291df63553a092ad6b99ce78592{\nmargin-top:10px;\nmargin-bottom:10px;\n}\n.hr.av-1q460l-e6291291df63553a092ad6b99ce78592 .hr-inner{\nwidth:50px;\nborder-color:#000000;\n}\n<\/style>\n<div  class='hr av-1q460l-e6291291df63553a092ad6b99ce78592 hr-custom  avia-builder-el-3  el_after_av_heading  el_before_av_textblock  hr-left hr-icon-no'><span class='hr-inner inner-border-av-border-fat'><span class=\"hr-inner-style\"><\/span><\/span><\/div><br \/>\n<section  class='av_textblock_section av-1d4txx-454304350bb9d8dfdaabc7f901e57a59 '   itemscope=\"itemscope\" itemtype=\"https:\/\/schema.org\/CreativeWork\" ><div class='avia_textblock'  itemprop=\"text\" ><p>Nuestro sitio web utiliza una tecnolog\u00eda llamada \u2018cookie\u2019, con el fin de poder obtener informaci\u00f3n sobre el uso del sitio web, mejorar la experiencia del usuario y garantizar el su correcto funcionamiento.<\/p>\n<h2>Definici\u00f3n de cookie<\/h2>\n<p>Una \u2018cookie\u2019 es un peque\u00f1o fragmento de texto que los sitios web env\u00edan al navegador y que se almacenan en el terminal del usuario (ordenador o dispositivo m\u00f3vil). Estos archivos tienen la finalidad de almacenar datos que podr\u00e1n ser actualizados y recuperados por la entidad responsable de su instalaci\u00f3n. As\u00ed, cada vez que el usuario vuelve a visitar el mismo sitio web, el explorador recupera el archivo y lo env\u00eda al servidor del sitio web. Las cookies tienen varias funciones entre las que se incluyen la recopilaci\u00f3n de informaci\u00f3n sobre las preferencias del usuario y recordarla, y en general, facilitar el uso del sitio web al usuario haciendo que el sitio sea m\u00e1s \u00fatil al personalizar su contenido.   <\/p>\n<h2>Las cookies se pueden clasificar en base a distintos par\u00e1metros<\/h2>\n<p>Titularidad: cookies propias y cookies de terceros: dependiendo de cu\u00e1l sea la entidad que gestione el dominio desde donde se env\u00edan las cookies y se traten los datos que se obtengan.<\/p>\n<p>Duraci\u00f3n: cookies de sesi\u00f3n y cookies persistentes: de acuerdo con el plazo de tiempo que permanecen almacenadas en el terminal del usuario.<\/p>\n<p>Finalidad: cookies t\u00e9cnicas, cookies de personalizaci\u00f3n, cookies de an\u00e1lisis, cookies publicitarias, cookies de publicidad comportamental, de acuerdo con la finalidad para la que se traten los datos obtenidos.<\/p>\n<p>Cookies t\u00e9cnicas: Son aquellas que permiten al usuario la navegaci\u00f3n a trav\u00e9s de la p\u00e1gina web o aplicaci\u00f3n y la utilizaci\u00f3n de las diferentes opciones o servicios que en ella existen. Por ejemplo, controlar el tr\u00e1fico y la comunicaci\u00f3n de datos, identificar la sesi\u00f3n o acceder a las partes web de acceso restringido. <\/p>\n<p>Cookies de personalizaci\u00f3n: Son aquellas que permiten al usuario acceder al servicio con algunas caracter\u00edsticas de car\u00e1cter general predefinidas en su terminal o que el propio usuario defina. Por ejemplo, el idioma, el tipo de navegador a trav\u00e9s del cual accede al servicio o el dise\u00f1o de contenidos seleccionado. <\/p>\n<p>Cookies de an\u00e1lisis: Son aquellas que, o bien tratadas por nosotros o por terceros, nos permiten cuantificar el n\u00famero de usuarios y as\u00ed realizar el an\u00e1lisis estad\u00edstico de la utilizaci\u00f3n que hacen los usuarios del servicio ofrecido. Para ello, se analiza su navegaci\u00f3n en nuestra p\u00e1gina web para mejorar la oferta de productos o servicios que le ofrecemos. <\/p>\n<p>Cookies publicitarias: Son aquellas que permiten la gesti\u00f3n, de la forma m\u00e1s eficaz posible, de los espacios publicitarios que, en su caso, el editor haya incluido en una p\u00e1gina web, aplicaci\u00f3n o plataforma desde la que presta el servicio solicitado sobre la base de criterios, como el contenido editado o la frecuencia en la que se muestran los anuncios.<\/p>\n<p>Cookies de publicidad comportamental: Son aquellas que permiten la gesti\u00f3n, de la manera m\u00e1s eficaz posible, de los espacios publicitarios que, en su caso, el editor haya incluido en una p\u00e1gina web, aplicaci\u00f3n o plataforma desde la que presta el servicio solicitado. Estas cookies almacenan informaci\u00f3n del comportamiento de los usuarios obtenida a trav\u00e9s de la observaci\u00f3n continuada de sus h\u00e1bitos de navegaci\u00f3n, lo que permite desarrolla un perfil espec\u00edfico para mostrar publicidad en funci\u00f3n del mismo. <\/p>\n<h2>Concretamente las cookies utilizadas en nuestra web s\u00f3n:<\/h2>\n<p>Cookies propias: Las cookies propias que utilizamos en nuestro sitio web son de car\u00e1cter t\u00e9cnico, fundamentales para el funcionamiento de la web.<br \/>\nCookies de terceros: Para obtener m\u00e1s informaci\u00f3n sobre las cookies y\/o para su desactivaci\u00f3n puede clicar sobre los enlaces que hay en el nombre de los diferentes titulares.<br \/>\nFinalmente, tambi\u00e9n se utilizan cookies de complemento (plug-in) para intercambiar contenidos sociales.<\/p>\n<h2>Consentimiento<\/h2>\n<p>Al navegar y continuar en nuestro sitio web el usuario estar\u00e1 consintiendo el uso de las cookies antes enunciadas, por los plazos se\u00f1alados y en las condiciones contenidas en la presente Pol\u00edtica sobre Cookies. Asimismo, les informamos de que si usted consulta contenidos en nuestra web alojados en webs de terceros, estos tienen su propia pol\u00edtica de cookies. <\/p>\n<h2>Retirada del consentimiento<\/h2>\n<p>El usuario podr\u00e1 retirar en cualquier momento su consentimiento relacionado con esta Pol\u00edtica sobre Cookies, para ello tendr\u00e1 que eliminar las cookies almacenadas en su equipo utilizando los ajustes y configuraciones de su navegador de internet.<br \/>\nModificaci\u00f3n de la configuraci\u00f3n de las cookies.<br \/>\nInternet Explorer: https:\/\/windows.microsoft.com\/es-xl\/internet-explorer\/delete-manage-cookies#ie=ie-11<br \/>\nChrome: <a href=\"https:\/\/support.google.com\/chrome\/answer\/95647?hl=es\" target=\"_blank\" rel=\"noopener\">https:\/\/support.google.com\/chrome\/answer\/95647?hl=es<\/a><br \/>\nSafari: http:\/\/www.apple.com\/legal\/privacy\/es\/cookies\/<br \/>\nOpera: <a href=\"http:\/\/help.opera.com\/Linux\/10.50\/en\/cookies.html\" target=\"_blank\" rel=\"noopener\">http:\/\/help.opera.com\/Linux\/10.50\/en\/cookies.html<\/a><br \/>\nSafari para iOS (dispositivo iPhone y iPad): <a href=\"http:\/\/help.opera.com\/Linux\/10.50\/en\/cookies.html\" target=\"_blank\" rel=\"noopener\">http:\/\/help.opera.com\/Linux\/10.50\/en\/cookies.html<\/a><br \/>Chrome para Android: <a href=\"http:\/\/https\/\/:support.google.com\/chrome\/answer\/2392971?hl=es\" target=\"_blank\" rel=\"noopener\">https\/\/:support.google.com\/chrome\/answer\/2392971?hl=es<\/a><br \/>Windows Phone:       <a href=\"http:\/\/www.windowsphone.com\/es-es\/how-to\/wp7\/web\/changing-privacy-and-other-browser-\" target=\"_blank\" rel=\"noopener\">http:\/\/www.windowsphone.com\/es-es\/how-to\/wp7\/web\/changing-privacy-and-other-browser-<\/a><\/p>\n<p>Para obtener m\u00e1s informaci\u00f3n sobre la eliminaci\u00f3n, deshabilitaci\u00f3n o bloqueo de las cookies tambi\u00e9n puede visitar:<br \/> <a href=\"http:\/\/www.aboutcookies.org\/Default.aspx?page=2\" target=\"_blank\" rel=\"noopener\">http:\/\/www.aboutcookies.org\/Default.aspx?page=2<\/a><\/p>\n<h2>Redes sociales<\/h2>\n<p>Los perfiles en redes sociales con los que cuente GARCIA OLIV\u00c9 ARQUITECTURA, S.L.P. no supondr\u00e1n un tratamiento de datos m\u00e1s all\u00e1 del que la propia red social permita para perfiles corporativos. GARCIA OLIV\u00c9 ARQUITECTURA, S.L.P.podr\u00e1 utilizar dichos perfiles para informar a los usuarios de cada red social suscritos al perfil de la empresa sobre sus actividades, eventos, seminarios ofertas, promociones o novedades en sus productos o servicios, as\u00ed como compartir informaci\u00f3n de inter\u00e9s sobre las tem\u00e1ticas habituales de la empresa. GARCIA OLIV\u00c9 ARQUITECTURA, S.L.P. no extraer\u00e1 ning\u00fan dato directamente de la red social.  <\/p>\n<h2>Actualizaci\u00f3n de la pol\u00edtica de cookies<\/h2>\n<p>Este sitio web puede modificar esta Pol\u00edtica sobre Cookies, por ello le recomendamos revisar esta pol\u00edtica cada vez que acceda a nuestro sitio web, para estar adecuadamente informado sobre el uso que hacemos de las cookies.<\/p>\n<\/div><\/section><\/p><\/div><\/div><\/div><\/main><!-- close content main element --><\/div><\/div><div id='after_section_1'  class='main_color av_default_container_wrap container_wrap fullsize'  ><div class='container av-section-cont-open' ><div class='template-page content  av-content-full alpha units'><div class='post-entry post-entry-type-page post-entry-5491'><div class='entry-content-wrapper clearfix'><section  class='av_textblock_section av-28gf78-eff2611afe14fc813294815092cf994d '   itemscope=\"itemscope\" itemtype=\"https:\/\/schema.org\/CreativeWork\" ><div class='avia_textblock'  itemprop=\"text\" ><\/p>\n<\/div><\/section><\/p>\n","protected":false},"excerpt":{"rendered":"","protected":false},"author":3,"featured_media":0,"parent":0,"menu_order":0,"comment_status":"closed","ping_status":"closed","template":"","meta":{"om_disable_all_campaigns":false,"inline_featured_image":false,"_monsterinsights_skip_tracking":false,"_monsterinsights_sitenote_active":false,"_monsterinsights_sitenote_note":"","_monsterinsights_sitenote_category":0,"_uf_show_specific_survey":0,"_uf_disable_surveys":false,"footnotes":""},"class_list":["post-5491","page","type-page","status-publish","hentry"],"aioseo_notices":[],"_links":{"self":[{"href":"https:\/\/www.garciaolive.com\/es\/wp-json\/wp\/v2\/pages\/5491","targetHints":{"allow":["GET"]}}],"collection":[{"href":"https:\/\/www.garciaolive.com\/es\/wp-json\/wp\/v2\/pages"}],"about":[{"href":"https:\/\/www.garciaolive.com\/es\/wp-json\/wp\/v2\/types\/page"}],"author":[{"embeddable":true,"href":"https:\/\/www.garciaolive.com\/es\/wp-json\/wp\/v2\/users\/3"}],"replies":[{"embeddable":true,"href":"https:\/\/www.garciaolive.com\/es\/wp-json\/wp\/v2\/comments?post=5491"}],"version-history":[{"count":13,"href":"https:\/\/www.garciaolive.com\/es\/wp-json\/wp\/v2\/pages\/5491\/revisions"}],"predecessor-version":[{"id":5508,"href":"https:\/\/www.garciaolive.com\/es\/wp-json\/wp\/v2\/pages\/5491\/revisions\/5508"}],"wp:attachment":[{"href":"https:\/\/www.garciaolive.com\/es\/wp-json\/wp\/v2\/media?parent=5491"}],"curies":[{"name":"wp","href":"https:\/\/api.w.org\/{rel}","templated":true}]}}